{"id":17711,"date":"2025-05-21T04:54:21","date_gmt":"2025-05-21T02:54:21","guid":{"rendered":"http:\/\/septiagri-machines.com\/?post_type=product&#038;p=17711"},"modified":"2025-05-21T04:54:38","modified_gmt":"2025-05-21T02:54:38","slug":"tondeuse-autoportee-verts-loisirs-vl40hkbi","status":"publish","type":"product","link":"https:\/\/septiagri-machines.com\/index.php\/produit\/tondeuse-autoportee-verts-loisirs-vl40hkbi\/","title":{"rendered":"Tondeuse autoport\u00e9e Verts loisirs VL40HKBI"},"content":{"rendered":"<table id=\"product-attribute-specs-table\" class=\"data table additional-attributes\">\n<tbody>\n<tr>\n<th class=\"col label\" scope=\"row\">Mod\u00e8le<\/th>\n<td class=\"col data\" data-th=\"Mod\u00e8le\">VL40HKBI<\/td>\n<\/tr>\n<tr>\n<th class=\"col label\" scope=\"row\">Marque<\/th>\n<td class=\"col data\" data-th=\"Marque\">VERTS LOISIRS<\/td>\n<\/tr>\n<tr>\n<th class=\"col label\" scope=\"row\">Type Moteur<\/th>\n<td class=\"col data\" data-th=\"Type Moteur\">Thermique<\/td>\n<\/tr>\n<tr>\n<th class=\"col label\" scope=\"row\">Cylindr\u00e9e moteur (cc)<\/th>\n<td class=\"col data\" data-th=\"Cylindr\u00e9e moteur (cc)\">603<\/td>\n<\/tr>\n<tr>\n<th class=\"col label\" scope=\"row\">Marque moteur<\/th>\n<td class=\"col data\" data-th=\"Marque moteur\">Kawasaki<\/td>\n<\/tr>\n<tr>\n<th class=\"col label\" scope=\"row\">Mod\u00e8le moteur<\/th>\n<td class=\"col data\" data-th=\"Mod\u00e8le moteur\">FS481V bicylindre<\/td>\n<\/tr>\n<tr>\n<th class=\"col label\" scope=\"row\">Nombre de cylindres<\/th>\n<td class=\"col data\" data-th=\"Nombre de cylindres\">2<\/td>\n<\/tr>\n<tr>\n<th class=\"col label\" scope=\"row\">Type de transmission<\/th>\n<td class=\"col data\" data-th=\"Type de transmission\">Hydro<\/td>\n<\/tr>\n<tr>\n<th class=\"col label\" scope=\"row\">Carburant<\/th>\n<td class=\"col data\" data-th=\"Carburant\">SP 95<\/td>\n<\/tr>\n<tr>\n<th class=\"col label\" scope=\"row\">Nombre de lames<\/th>\n<td class=\"col data\" data-th=\"Nombre de lames\">2<\/td>\n<\/tr>\n<tr>\n<th class=\"col label\" scope=\"row\">Largeur de coupe (cm)<\/th>\n<td class=\"col data\" data-th=\"Largeur de coupe (cm)\">102<\/td>\n<\/tr>\n<tr>\n<th class=\"col label\" scope=\"row\">R\u00e9glage hauteur de coupe (nb de positions)<\/th>\n<td class=\"col data\" data-th=\"R\u00e9glage hauteur de coupe (nb de positions)\">7 positions, de 30 \u00e0 90 mm<\/td>\n<\/tr>\n<tr>\n<th class=\"col label\" scope=\"row\">D\u00e9flecteur<\/th>\n<td class=\"col data\" data-th=\"D\u00e9flecteur\">En option<\/td>\n<\/tr>\n<tr>\n<th class=\"col label\" scope=\"row\">Type d\u2019\u00e9jection<\/th>\n<td class=\"col data\" data-th=\"Type d'\u00e9jection\">Arri\u00e8re<\/td>\n<\/tr>\n<tr>\n<th class=\"col label\" scope=\"row\">Kit Mulching<\/th>\n<td class=\"col data\" data-th=\"Kit Mulching\">En option<\/td>\n<\/tr>\n<tr>\n<th class=\"col label\" scope=\"row\">Mat\u00e9riaux carter<\/th>\n<td class=\"col data\" data-th=\"Mat\u00e9riaux carter\">Acier<\/td>\n<\/tr>\n<tr>\n<th class=\"col label\" scope=\"row\">Capacit\u00e9 bac ramassage (l)<\/th>\n<td class=\"col data\" data-th=\"Capacit\u00e9 bac ramassage (l)\">300<\/td>\n<\/tr>\n<\/tbody>\n<\/table>\n","protected":false},"excerpt":{"rendered":"<p><strong>Tondeuse autoport\u00e9e \u00e0 \u00e9jection arri\u00e8re<\/strong>.<br \/>\nLargeur de coupe de 102 cm.<br \/>\nMoteur\u00a0<strong>Kawasaki FS481 V<\/strong>\u00a0bicylindre.<br \/>\nAvancement hydrostatique.<br \/>\nBac de ramassage int\u00e9gr\u00e9, capacit\u00e9 300 litres.<br \/>\nFourni avec compteur horaire.<\/p>\n<p>Existe avec\u00a0<a title=\"Tondeuse autoport\u00e9e VL40HKBIRE avec relevage \u00e9lectrique du bac arri\u00e8re\" target=\"_blank\" rel=\"noopener\">bac de ramassage avec relevage \u00e9lectrique<\/a><\/p>\n<p>Le plateau de coupe est sp\u00e9cialement con\u00e7u pour ne pas rouiller et \u00eatre d\u2019une solidit\u00e9 \u00e0 toute \u00e9preuve.<\/p>\n<p>Si\u00e8ge r\u00e9glable et supendu pour vous permettre d\u2019adapter au mieux votre position de conduite.<\/p>\n<p>Le levier de vidange du bac s\u2019actionne du poste de conduite, vous \u00e9vitant de descendre du tracteur tondeuse.<\/p>\n","protected":false},"featured_media":17779,"comment_status":"open","ping_status":"closed","template":"","meta":[],"product_brand":[],"product_cat":[76],"product_tag":[],"class_list":{"0":"post-17711","1":"product","2":"type-product","3":"status-publish","4":"has-post-thumbnail","6":"product_cat-tracteur-autoportee","8":"first","9":"instock","10":"shipping-taxable","11":"purchasable","12":"product-type-simple"},"_links":{"self":[{"href":"https:\/\/septiagri-machines.com\/index.php\/wp-json\/wp\/v2\/product\/17711","targetHints":{"allow":["GET"]}}],"collection":[{"href":"https:\/\/septiagri-machines.com\/index.php\/wp-json\/wp\/v2\/product"}],"about":[{"href":"https:\/\/septiagri-machines.com\/index.php\/wp-json\/wp\/v2\/types\/product"}],"replies":[{"embeddable":true,"href":"https:\/\/septiagri-machines.com\/index.php\/wp-json\/wp\/v2\/comments?post=17711"}],"version-history":[{"count":1,"href":"https:\/\/septiagri-machines.com\/index.php\/wp-json\/wp\/v2\/product\/17711\/revisions"}],"predecessor-version":[{"id":17780,"href":"https:\/\/septiagri-machines.com\/index.php\/wp-json\/wp\/v2\/product\/17711\/revisions\/17780"}],"wp:featuredmedia":[{"embeddable":true,"href":"https:\/\/septiagri-machines.com\/index.php\/wp-json\/wp\/v2\/media\/17779"}],"wp:attachment":[{"href":"https:\/\/septiagri-machines.com\/index.php\/wp-json\/wp\/v2\/media?parent=17711"}],"wp:term":[{"taxonomy":"product_brand","embeddable":true,"href":"https:\/\/septiagri-machines.com\/index.php\/wp-json\/wp\/v2\/product_brand?post=17711"},{"taxonomy":"product_cat","embeddable":true,"href":"https:\/\/septiagri-machines.com\/index.php\/wp-json\/wp\/v2\/product_cat?post=17711"},{"taxonomy":"product_tag","embeddable":true,"href":"https:\/\/septiagri-machines.com\/index.php\/wp-json\/wp\/v2\/product_tag?post=17711"}],"curies":[{"name":"wp","href":"https:\/\/api.w.org\/{rel}","templated":true}]}}