{"id":17702,"date":"2025-05-21T04:54:20","date_gmt":"2025-05-21T02:54:20","guid":{"rendered":"http:\/\/septiagri-machines.com\/?post_type=product&#038;p=17702"},"modified":"2025-05-21T04:54:33","modified_gmt":"2025-05-21T02:54:33","slug":"tondeuse-autoportee-husqvarna-tc138","status":"publish","type":"product","link":"https:\/\/septiagri-machines.com\/index.php\/produit\/tondeuse-autoportee-husqvarna-tc138\/","title":{"rendered":"TONDEUSE AUTOPORT\u00c9E HUSQVARNA TC138"},"content":{"rendered":"<ul>\n<li>Bac de ramassage :\u00a0<strong>220L<\/strong><\/li>\n<li>Moteur<strong>\u00a0Husqvarna OHV<br \/>\n<\/strong><\/li>\n<li>Cylindr\u00e9e : 500 cm3<\/li>\n<li>Transmission Tuff Torq<\/li>\n<li>Largeur de coupe : 97 cm<\/li>\n<li>Hauteur de coupe: de 38 \u00e0 102 mm (6 positions)<\/li>\n<li>Transmission\u00a0<strong>Hydrostatique au pied<br \/>\n<\/strong><\/li>\n<li>Embrayage de lame :\u00a0<strong>Manuel<\/strong><\/li>\n<li>Si\u00e8ge dosseret bas confort<\/li>\n<li>Essieu avant en acier (Nouveau, plus robuste, moins de vibrations)<\/li>\n<li>Indicateur de niveau de charge batterie<\/li>\n<li>Connexion pour chargeur<\/li>\n<li>Lubrification sous pression avec filtre \u00e0 huile<\/li>\n<li>Possibilit\u00e9 de vider le bac arri\u00e8re via le si\u00e8ge conducteur<\/li>\n<li><strong>Tracteur livr\u00e9 chez vous et pr\u00eat \u00e0 tondre<\/strong><\/li>\n<\/ul>\n","protected":false},"excerpt":{"rendered":"<p>Id\u00e9al pour les jardins de petites et moyennes surfaces. Ce tracteur offre une excellente capacit\u00e9 de ramassage d\u2019herbes mais \u00e9galement de feuilles<\/p>\n<p>Facile et simple d\u2019utilisation, cette\u00a0<a>tondeuse Husqvarna<\/a>\u00a0vous offre le choix entre 3 modes de tonte : ramassage avec un bac de 220 L, mulching ou \u00e9jection arri\u00e8re avec la mise en place d\u2019un insert ou d\u2019un d\u00e9flecteur disponibles en option.<\/p>\n","protected":false},"featured_media":17761,"comment_status":"open","ping_status":"closed","template":"","meta":[],"product_brand":[],"product_cat":[76],"product_tag":[],"class_list":{"0":"post-17702","1":"product","2":"type-product","3":"status-publish","4":"has-post-thumbnail","6":"product_cat-tracteur-autoportee","8":"first","9":"instock","10":"shipping-taxable","11":"purchasable","12":"product-type-simple"},"_links":{"self":[{"href":"https:\/\/septiagri-machines.com\/index.php\/wp-json\/wp\/v2\/product\/17702","targetHints":{"allow":["GET"]}}],"collection":[{"href":"https:\/\/septiagri-machines.com\/index.php\/wp-json\/wp\/v2\/product"}],"about":[{"href":"https:\/\/septiagri-machines.com\/index.php\/wp-json\/wp\/v2\/types\/product"}],"replies":[{"embeddable":true,"href":"https:\/\/septiagri-machines.com\/index.php\/wp-json\/wp\/v2\/comments?post=17702"}],"version-history":[{"count":1,"href":"https:\/\/septiagri-machines.com\/index.php\/wp-json\/wp\/v2\/product\/17702\/revisions"}],"predecessor-version":[{"id":17762,"href":"https:\/\/septiagri-machines.com\/index.php\/wp-json\/wp\/v2\/product\/17702\/revisions\/17762"}],"wp:featuredmedia":[{"embeddable":true,"href":"https:\/\/septiagri-machines.com\/index.php\/wp-json\/wp\/v2\/media\/17761"}],"wp:attachment":[{"href":"https:\/\/septiagri-machines.com\/index.php\/wp-json\/wp\/v2\/media?parent=17702"}],"wp:term":[{"taxonomy":"product_brand","embeddable":true,"href":"https:\/\/septiagri-machines.com\/index.php\/wp-json\/wp\/v2\/product_brand?post=17702"},{"taxonomy":"product_cat","embeddable":true,"href":"https:\/\/septiagri-machines.com\/index.php\/wp-json\/wp\/v2\/product_cat?post=17702"},{"taxonomy":"product_tag","embeddable":true,"href":"https:\/\/septiagri-machines.com\/index.php\/wp-json\/wp\/v2\/product_tag?post=17702"}],"curies":[{"name":"wp","href":"https:\/\/api.w.org\/{rel}","templated":true}]}}