{"id":17688,"date":"2025-05-21T04:54:17","date_gmt":"2025-05-21T02:54:17","guid":{"rendered":"http:\/\/septiagri-machines.com\/?post_type=product&#038;p=17688"},"modified":"2025-05-21T04:54:26","modified_gmt":"2025-05-21T02:54:26","slug":"autoportee-melbourne-c","status":"publish","type":"product","link":"https:\/\/septiagri-machines.com\/index.php\/produit\/autoportee-melbourne-c\/","title":{"rendered":"Autoport\u00e9e MELBOURNE C"},"content":{"rendered":"<p>R\u00e9f\u00e9rence: MELBOURNEC<br \/>\nAutoport\u00e9e MELBOURNE C Le mono lame compact id\u00e9al pour vos petites surfaces Moteur MOUNFIELD 7050 352 cc Diam\u00e8tre de coupe 72 cm Rayon de braquage court Transmission hydrostatique D\u00e9marrage \u00e9lectrique Essieu acier renforc\u00e9 Ejection arri\u00e8re.<\/p>\n","protected":false},"excerpt":{"rendered":"<p>R\u00e9f\u00e9rence: MELBOURNEC Autoport\u00e9e MELBOURNE C Le mono lame compact id\u00e9al pour vos petites surfaces Moteur MOUNFIELD 7050 352 cc Diam\u00e8tre<\/p>\n","protected":false},"featured_media":17728,"comment_status":"open","ping_status":"closed","template":"","meta":[],"product_brand":[],"product_cat":[76],"product_tag":[],"class_list":{"0":"post-17688","1":"product","2":"type-product","3":"status-publish","4":"has-post-thumbnail","6":"product_cat-tracteur-autoportee","8":"first","9":"instock","10":"shipping-taxable","11":"purchasable","12":"product-type-simple"},"_links":{"self":[{"href":"https:\/\/septiagri-machines.com\/index.php\/wp-json\/wp\/v2\/product\/17688","targetHints":{"allow":["GET"]}}],"collection":[{"href":"https:\/\/septiagri-machines.com\/index.php\/wp-json\/wp\/v2\/product"}],"about":[{"href":"https:\/\/septiagri-machines.com\/index.php\/wp-json\/wp\/v2\/types\/product"}],"replies":[{"embeddable":true,"href":"https:\/\/septiagri-machines.com\/index.php\/wp-json\/wp\/v2\/comments?post=17688"}],"version-history":[{"count":1,"href":"https:\/\/septiagri-machines.com\/index.php\/wp-json\/wp\/v2\/product\/17688\/revisions"}],"predecessor-version":[{"id":17729,"href":"https:\/\/septiagri-machines.com\/index.php\/wp-json\/wp\/v2\/product\/17688\/revisions\/17729"}],"wp:featuredmedia":[{"embeddable":true,"href":"https:\/\/septiagri-machines.com\/index.php\/wp-json\/wp\/v2\/media\/17728"}],"wp:attachment":[{"href":"https:\/\/septiagri-machines.com\/index.php\/wp-json\/wp\/v2\/media?parent=17688"}],"wp:term":[{"taxonomy":"product_brand","embeddable":true,"href":"https:\/\/septiagri-machines.com\/index.php\/wp-json\/wp\/v2\/product_brand?post=17688"},{"taxonomy":"product_cat","embeddable":true,"href":"https:\/\/septiagri-machines.com\/index.php\/wp-json\/wp\/v2\/product_cat?post=17688"},{"taxonomy":"product_tag","embeddable":true,"href":"https:\/\/septiagri-machines.com\/index.php\/wp-json\/wp\/v2\/product_tag?post=17688"}],"curies":[{"name":"wp","href":"https:\/\/api.w.org\/{rel}","templated":true}]}}