{"id":17635,"date":"2025-05-21T04:53:55","date_gmt":"2025-05-21T02:53:55","guid":{"rendered":"http:\/\/septiagri-machines.com\/?post_type=product&#038;p=17635"},"modified":"2025-05-21T04:54:14","modified_gmt":"2025-05-21T02:54:14","slug":"vans-equitos-contreplaque-2000-humbaur","status":"publish","type":"product","link":"https:\/\/septiagri-machines.com\/index.php\/produit\/vans-equitos-contreplaque-2000-humbaur\/","title":{"rendered":"Vans Equitos Contreplaqu\u00e9 2000 \u2013 HUMBAUR"},"content":{"rendered":"<p><strong>Donn\u00e9es techniques :<\/strong><\/p>\n<ul>\n<li>Type de remorque : tandem<\/li>\n<li>Type : remorque en bois<\/li>\n<li>Poids : 808 kg<\/li>\n<li>Poids total : 2 000 kg<\/li>\n<li>Charge utile : 1\u00a0192 kg<\/li>\n<li>Longueur utile : 3 157 mm<\/li>\n<li>Longueur totale : 4 604 mm<\/li>\n<li>Largeur utile : 1 654 mm<\/li>\n<li>Largeur totale : 2 175 mm<\/li>\n<li>Hauteur utile : 2 300 mm<\/li>\n<li>Longueur totale : 2 780 mm<\/li>\n<li>Hauteur de chargement : 415 mm<\/li>\n<li>Pneus : 13 pouces<\/li>\n<\/ul>\n","protected":false},"excerpt":{"rendered":"<p>Les mod\u00e8les EQUITOS avec structure en contreplaqu\u00e9 et d\u00f4me en polyester offrent beaucoup d\u2019espace dans la classe d\u2019entr\u00e9e pour deux chevaux. La barri\u00e8re EquiLock\u00ae et le ch\u00e2ssis EquiDrive\u00ae font d\u00e9j\u00e0 partie de l\u2019\u00e9quipement de base et offrent une stabilit\u00e9 de conduite maximale.<\/p>\n","protected":false},"featured_media":17674,"comment_status":"open","ping_status":"closed","template":"","meta":[],"product_brand":[],"product_cat":[73],"product_tag":[],"class_list":{"0":"post-17635","1":"product","2":"type-product","3":"status-publish","4":"has-post-thumbnail","6":"product_cat-vans-chevaux","8":"first","9":"instock","10":"shipping-taxable","11":"purchasable","12":"product-type-simple"},"_links":{"self":[{"href":"https:\/\/septiagri-machines.com\/index.php\/wp-json\/wp\/v2\/product\/17635","targetHints":{"allow":["GET"]}}],"collection":[{"href":"https:\/\/septiagri-machines.com\/index.php\/wp-json\/wp\/v2\/product"}],"about":[{"href":"https:\/\/septiagri-machines.com\/index.php\/wp-json\/wp\/v2\/types\/product"}],"replies":[{"embeddable":true,"href":"https:\/\/septiagri-machines.com\/index.php\/wp-json\/wp\/v2\/comments?post=17635"}],"version-history":[{"count":1,"href":"https:\/\/septiagri-machines.com\/index.php\/wp-json\/wp\/v2\/product\/17635\/revisions"}],"predecessor-version":[{"id":17675,"href":"https:\/\/septiagri-machines.com\/index.php\/wp-json\/wp\/v2\/product\/17635\/revisions\/17675"}],"wp:featuredmedia":[{"embeddable":true,"href":"https:\/\/septiagri-machines.com\/index.php\/wp-json\/wp\/v2\/media\/17674"}],"wp:attachment":[{"href":"https:\/\/septiagri-machines.com\/index.php\/wp-json\/wp\/v2\/media?parent=17635"}],"wp:term":[{"taxonomy":"product_brand","embeddable":true,"href":"https:\/\/septiagri-machines.com\/index.php\/wp-json\/wp\/v2\/product_brand?post=17635"},{"taxonomy":"product_cat","embeddable":true,"href":"https:\/\/septiagri-machines.com\/index.php\/wp-json\/wp\/v2\/product_cat?post=17635"},{"taxonomy":"product_tag","embeddable":true,"href":"https:\/\/septiagri-machines.com\/index.php\/wp-json\/wp\/v2\/product_tag?post=17635"}],"curies":[{"name":"wp","href":"https:\/\/api.w.org\/{rel}","templated":true}]}}