{"id":17505,"date":"2025-05-21T04:52:56","date_gmt":"2025-05-21T02:52:56","guid":{"rendered":"http:\/\/septiagri-machines.com\/?post_type=product&#038;p=17505"},"modified":"2025-05-21T04:53:38","modified_gmt":"2025-05-21T02:53:38","slug":"tondeuse-autoportee-staub-rafale-108l","status":"publish","type":"product","link":"https:\/\/septiagri-machines.com\/index.php\/produit\/tondeuse-autoportee-staub-rafale-108l\/","title":{"rendered":"Tondeuse Autoport\u00e9e Staub Rafale 108L"},"content":{"rendered":"<h2 class=\"section-title-product\">Informations<\/h2>\n<div class=\"product-description\">\n<div class=\"row\">\n<div class=\"item clearfix\">\n<div class=\"col-xs-4 key\">Cylindr\u00e9e<\/div>\n<div class=\"col-xs-8 value\">452 cm\u00b3<\/div>\n<\/div>\n<\/div>\n<div class=\"row\">\n<div class=\"item clearfix\">\n<div class=\"col-xs-4 key\">Largeur de coupe<\/div>\n<div class=\"col-xs-8 value\">108 cm<\/div>\n<\/div>\n<\/div>\n<div class=\"row\">\n<div class=\"item clearfix\">\n<div class=\"col-xs-4 key\">Rayon de braquage<\/div>\n<div class=\"col-xs-8 value\">65 cm<\/div>\n<\/div>\n<\/div>\n<div class=\"row\">\n<div class=\"item clearfix\">\n<div class=\"col-xs-4 key\">Marque du moteur<\/div>\n<div class=\"col-xs-8 value\">Emak K 1600 AVD<\/div>\n<\/div>\n<\/div>\n<div class=\"row\">\n<div class=\"item clearfix\">\n<div class=\"col-xs-4 key\">Hauteur de coupe<\/div>\n<div class=\"col-xs-8 value\">30-80 mm, 7 positions<\/div>\n<\/div>\n<\/div>\n<div class=\"row\">\n<div class=\"item clearfix\">\n<div class=\"col-xs-4 key\">Avancement<\/div>\n<div class=\"col-xs-8 value\">hydrostatique<\/div>\n<\/div>\n<\/div>\n<div class=\"row\">\n<div class=\"item clearfix\">\n<div class=\"col-xs-4 key\">Vitesse (km\/h)<\/div>\n<div class=\"col-xs-8 value\">de 0 \u00e0 8.8 km\/h en marche avant \u2013 de 0 \u00e0 3.8 km\/h en marche arri\u00e8re<\/div>\n<\/div>\n<\/div>\n<div class=\"row\">\n<div class=\"item clearfix\">\n<div class=\"col-xs-4 key\">Dimensions hors tout<\/div>\n<div class=\"col-xs-8 value\">172x132x106 cm<\/div>\n<\/div>\n<\/div>\n<div class=\"row\">\n<div class=\"item clearfix\">\n<div class=\"col-xs-4 key\">Mulching \/ Ejection lat\u00e9rale<\/div>\n<div class=\"col-xs-8 value\">standard\/standard<\/div>\n<\/div>\n<\/div>\n<div class=\"row\">\n<div class=\"item clearfix\">\n<div class=\"col-xs-4 key\">Poids<\/div>\n<div class=\"col-xs-8 value\">171 kg<\/div>\n<\/div>\n<\/div>\n<\/div>\n","protected":false},"excerpt":{"rendered":"<p>Livraison gratuite<\/p>\n<p>Livr\u00e9: 3 \u2013 5\u00a0 Jours ouvr\u00e9s<\/p>\n<p>Produit : neuf exp\u00e9di\u00e9 depuis nos entrep\u00f4ts r\u00e9gionaux fran\u00e7ais<\/p>\n<p>Garantie 3 ans<\/p>\n<p>&nbsp;<\/p>\n<ul>\n<li>Cylindr\u00e9e\u00a0452 cm\u00b3<\/li>\n<li>Largeur de coupe 108 cm<\/li>\n<li>Rayon de braquage 65 cm<\/li>\n<\/ul>\n","protected":false},"featured_media":17575,"comment_status":"open","ping_status":"closed","template":"","meta":[],"product_brand":[],"product_cat":[80,76],"product_tag":[],"class_list":{"0":"post-17505","1":"product","2":"type-product","3":"status-publish","4":"has-post-thumbnail","6":"product_cat-tondeuse-robot","7":"product_cat-tracteur-autoportee","9":"first","10":"instock","11":"sale","12":"shipping-taxable","13":"purchasable","14":"product-type-simple"},"_links":{"self":[{"href":"https:\/\/septiagri-machines.com\/index.php\/wp-json\/wp\/v2\/product\/17505","targetHints":{"allow":["GET"]}}],"collection":[{"href":"https:\/\/septiagri-machines.com\/index.php\/wp-json\/wp\/v2\/product"}],"about":[{"href":"https:\/\/septiagri-machines.com\/index.php\/wp-json\/wp\/v2\/types\/product"}],"replies":[{"embeddable":true,"href":"https:\/\/septiagri-machines.com\/index.php\/wp-json\/wp\/v2\/comments?post=17505"}],"version-history":[{"count":1,"href":"https:\/\/septiagri-machines.com\/index.php\/wp-json\/wp\/v2\/product\/17505\/revisions"}],"predecessor-version":[{"id":17576,"href":"https:\/\/septiagri-machines.com\/index.php\/wp-json\/wp\/v2\/product\/17505\/revisions\/17576"}],"wp:featuredmedia":[{"embeddable":true,"href":"https:\/\/septiagri-machines.com\/index.php\/wp-json\/wp\/v2\/media\/17575"}],"wp:attachment":[{"href":"https:\/\/septiagri-machines.com\/index.php\/wp-json\/wp\/v2\/media?parent=17505"}],"wp:term":[{"taxonomy":"product_brand","embeddable":true,"href":"https:\/\/septiagri-machines.com\/index.php\/wp-json\/wp\/v2\/product_brand?post=17505"},{"taxonomy":"product_cat","embeddable":true,"href":"https:\/\/septiagri-machines.com\/index.php\/wp-json\/wp\/v2\/product_cat?post=17505"},{"taxonomy":"product_tag","embeddable":true,"href":"https:\/\/septiagri-machines.com\/index.php\/wp-json\/wp\/v2\/product_tag?post=17505"}],"curies":[{"name":"wp","href":"https:\/\/api.w.org\/{rel}","templated":true}]}}