{"id":17445,"date":"2025-05-21T04:52:09","date_gmt":"2025-05-21T02:52:09","guid":{"rendered":"http:\/\/septiagri-machines.com\/?post_type=product&#038;p=17445"},"modified":"2025-05-21T04:52:54","modified_gmt":"2025-05-21T02:52:54","slug":"tracteur-agricole-iseki-3030-allrad","status":"publish","type":"product","link":"https:\/\/septiagri-machines.com\/index.php\/produit\/tracteur-agricole-iseki-3030-allrad\/","title":{"rendered":"TRACTEUR AGRICOLE ISEKI 3030 ALLRAD"},"content":{"rendered":"<p><strong>TRACTEUR AGRICOLE ISEKI 3030 ALLRAD<\/strong><\/p>\n<p>Fabricant: Iseki<br \/>\nMod\u00e8le: 3030 ALLRAD<br \/>\nAnn\u00e9e: 1992<br \/>\nHeures de fonctionnement: 3675 h<br \/>\nPuissance du moteur: 27 hp<br \/>\nTransmission hydrostatique<br \/>\nMotricit\u00e9: 4RM<br \/>\nCarburant: Diesel<\/p>\n<p>Remorque:<br \/>\nHEINKEL KG<br \/>\n1,5 tonne tracteur \u00e0 chenilles avec frein de d\u00e9passement, nouveau couvercle et nouveaux volets, \u00e9lectrique neufs, pneus neufs, roue jockey avant, dispositif de basculement, dans toutes les directions r\u00e9glable, (3 c\u00f4t\u00e9s possible), rabats lat\u00e9raux en bois, tr\u00e8s \u00e9labor\u00e9 et vitr\u00e9<\/p>\n<p><strong>INFORMATIONS SUPPLEMENTAIRES:<\/strong><br \/>\nDirection forc\u00e9, cabine, avec chauffage, hydraulique avant, \u00e9l\u00e9vateur avant avec prise 3 points, hydraulique arri\u00e8re, \u00e9l\u00e9vateur arri\u00e8re, avec rail de terrain, arbre de prise de force avant et arri\u00e8re, bo\u00eete manuelle 3 rapports avec groupe changement de vitesse, Direction assist\u00e9e,<br \/>\ntous les pneus sont neufs<\/p>\n","protected":false},"excerpt":{"rendered":"<p><strong>TRACTEUR AGRICOLE ISEKI 3030 ALLRAD<\/strong><\/p>\n<p>Fabricant: Iseki<br \/>\nMod\u00e8le: 3030 ALLRAD<br \/>\nAnn\u00e9e: 1992<br \/>\nHeures de fonctionnement: 3675 h<br \/>\nPuissance du moteur: 27 hp<br \/>\nTransmission hydrostatique<br \/>\nMotricit\u00e9: 4RM<br \/>\nCarburant: Diesel<\/p>\n<p>Remorque:<br \/>\nHEINKEL KG<br \/>\n1,5 tonne tracteur \u00e0 chenilles avec frein de d\u00e9passement, nouveau couvercle et nouveaux volets, \u00e9lectrique neufs, pneus neufs, roue jockey avant, dispositif de basculement, dans toutes les directions r\u00e9glable, (3 c\u00f4t\u00e9s possible), rabats lat\u00e9raux en bois, tr\u00e8s \u00e9labor\u00e9 et vitr\u00e9<\/p>\n","protected":false},"featured_media":17497,"comment_status":"open","ping_status":"closed","template":"","meta":[],"product_brand":[],"product_cat":[83],"product_tag":[],"class_list":{"0":"post-17445","1":"product","2":"type-product","3":"status-publish","4":"has-post-thumbnail","6":"product_cat-tracteurs","8":"first","9":"instock","10":"sale","11":"shipping-taxable","12":"purchasable","13":"product-type-simple"},"_links":{"self":[{"href":"https:\/\/septiagri-machines.com\/index.php\/wp-json\/wp\/v2\/product\/17445","targetHints":{"allow":["GET"]}}],"collection":[{"href":"https:\/\/septiagri-machines.com\/index.php\/wp-json\/wp\/v2\/product"}],"about":[{"href":"https:\/\/septiagri-machines.com\/index.php\/wp-json\/wp\/v2\/types\/product"}],"replies":[{"embeddable":true,"href":"https:\/\/septiagri-machines.com\/index.php\/wp-json\/wp\/v2\/comments?post=17445"}],"version-history":[{"count":1,"href":"https:\/\/septiagri-machines.com\/index.php\/wp-json\/wp\/v2\/product\/17445\/revisions"}],"predecessor-version":[{"id":17498,"href":"https:\/\/septiagri-machines.com\/index.php\/wp-json\/wp\/v2\/product\/17445\/revisions\/17498"}],"wp:featuredmedia":[{"embeddable":true,"href":"https:\/\/septiagri-machines.com\/index.php\/wp-json\/wp\/v2\/media\/17497"}],"wp:attachment":[{"href":"https:\/\/septiagri-machines.com\/index.php\/wp-json\/wp\/v2\/media?parent=17445"}],"wp:term":[{"taxonomy":"product_brand","embeddable":true,"href":"https:\/\/septiagri-machines.com\/index.php\/wp-json\/wp\/v2\/product_brand?post=17445"},{"taxonomy":"product_cat","embeddable":true,"href":"https:\/\/septiagri-machines.com\/index.php\/wp-json\/wp\/v2\/product_cat?post=17445"},{"taxonomy":"product_tag","embeddable":true,"href":"https:\/\/septiagri-machines.com\/index.php\/wp-json\/wp\/v2\/product_tag?post=17445"}],"curies":[{"name":"wp","href":"https:\/\/api.w.org\/{rel}","templated":true}]}}