{"id":17306,"date":"2025-05-21T04:51:21","date_gmt":"2025-05-21T02:51:21","guid":{"rendered":"http:\/\/septiagri-machines.com\/?post_type=product&#038;p=17306"},"modified":"2025-05-21T04:51:58","modified_gmt":"2025-05-21T02:51:58","slug":"van-porte-caleche","status":"publish","type":"product","link":"https:\/\/septiagri-machines.com\/index.php\/produit\/van-porte-caleche\/","title":{"rendered":"van porte cal\u00e8che"},"content":{"rendered":"<p><strong>Etat<\/strong>\u00a0: Refait \u00e0 neuf exp\u00e9dier depuis nos entrep\u00f4ts r\u00e9gionaux fran\u00e7ais<\/p>\n<p>Garantie 2 ans<\/p>\n","protected":false},"excerpt":{"rendered":"<div class=\"woocommerce-tabs wc-tabs-wrapper\">\n<div id=\"tab-description\" class=\"woocommerce-Tabs-panel woocommerce-Tabs-panel--description panel entry-content wc-tab\" role=\"tabpanel\" aria-labelledby=\"tab-title-description\">\n<div class=\"col-xs-36 col-sm-36 col-md-20 mb40\">\n<div class=\"ad_desc\" data-idl=\"1\">\n<p>Van porte cal\u00e8che cheval libert\u00e9 de 2002 \u2013 gris \u2013 2 places chevaux.<\/p>\n<p>Spacieux, 4 pneus neufs.<\/p>\n<p>&nbsp;<\/p>\n<\/div>\n<\/div>\n<div class=\"col-xs-36 col-sm-36 col-md-16\">\n<ul class=\"list-unstyled\">\n<li class=\"border_bottom\"><span class=\"label\">Marque\u00a0<\/span>Cheval Libert\u00e9<\/li>\n<li class=\"border_bottom\"><span class=\"label\">Mod\u00e8le\u00a0<\/span>2002<\/li>\n<li class=\"border_bottom\"><span class=\"label\">Ann\u00e9e\u00a0<\/span>2002<\/li>\n<li class=\"border_bottom\"><span class=\"label\">Premi\u00e8re main<\/span>\u00a0Non<\/li>\n<li class=\"border_bottom\"><span class=\"label\">Etat\u00a0<\/span>Occasion<\/li>\n<li class=\"border_bottom\"><span class=\"label\">Capacit\u00e9<\/span>2 Chevaux<\/li>\n<li class=\"border_bottom\"><span class=\"label\">Poids \u00e0 vide<\/span>900<\/li>\n<li class=\"border_bottom\"><span class=\"label\">Pont<\/span>\u00a0Arri\u00e8re.<\/li>\n<li class=\"border_bottom\"><span class=\"label\">Chevaux voyagent\u00a0<\/span>T\u00eate avant<\/li>\n<li class=\"border_bottom\"><span class=\"label\">Permis sp\u00e9cifique<\/span>\u00a0Oui<\/li>\n<li class=\"border_bottom\"><span class=\"label\">R\u00e9f\u00e9rence\u00a0<\/span>711839<\/li>\n<\/ul>\n<\/div>\n<\/div>\n<\/div>\n<div class=\"product_meta\"><\/div>\n","protected":false},"featured_media":17431,"comment_status":"open","ping_status":"closed","template":"","meta":[],"product_brand":[],"product_cat":[73],"product_tag":[],"class_list":{"0":"post-17306","1":"product","2":"type-product","3":"status-publish","4":"has-post-thumbnail","6":"product_cat-vans-chevaux","8":"first","9":"instock","10":"sale","11":"shipping-taxable","12":"purchasable","13":"product-type-simple"},"_links":{"self":[{"href":"https:\/\/septiagri-machines.com\/index.php\/wp-json\/wp\/v2\/product\/17306","targetHints":{"allow":["GET"]}}],"collection":[{"href":"https:\/\/septiagri-machines.com\/index.php\/wp-json\/wp\/v2\/product"}],"about":[{"href":"https:\/\/septiagri-machines.com\/index.php\/wp-json\/wp\/v2\/types\/product"}],"replies":[{"embeddable":true,"href":"https:\/\/septiagri-machines.com\/index.php\/wp-json\/wp\/v2\/comments?post=17306"}],"version-history":[{"count":1,"href":"https:\/\/septiagri-machines.com\/index.php\/wp-json\/wp\/v2\/product\/17306\/revisions"}],"predecessor-version":[{"id":17432,"href":"https:\/\/septiagri-machines.com\/index.php\/wp-json\/wp\/v2\/product\/17306\/revisions\/17432"}],"wp:featuredmedia":[{"embeddable":true,"href":"https:\/\/septiagri-machines.com\/index.php\/wp-json\/wp\/v2\/media\/17431"}],"wp:attachment":[{"href":"https:\/\/septiagri-machines.com\/index.php\/wp-json\/wp\/v2\/media?parent=17306"}],"wp:term":[{"taxonomy":"product_brand","embeddable":true,"href":"https:\/\/septiagri-machines.com\/index.php\/wp-json\/wp\/v2\/product_brand?post=17306"},{"taxonomy":"product_cat","embeddable":true,"href":"https:\/\/septiagri-machines.com\/index.php\/wp-json\/wp\/v2\/product_cat?post=17306"},{"taxonomy":"product_tag","embeddable":true,"href":"https:\/\/septiagri-machines.com\/index.php\/wp-json\/wp\/v2\/product_tag?post=17306"}],"curies":[{"name":"wp","href":"https:\/\/api.w.org\/{rel}","templated":true}]}}