{"id":17294,"date":"2025-05-21T04:51:18","date_gmt":"2025-05-21T02:51:18","guid":{"rendered":"http:\/\/septiagri-machines.com\/?post_type=product&#038;p=17294"},"modified":"2025-05-21T04:51:42","modified_gmt":"2025-05-21T02:51:42","slug":"robot-tondeuse-husqvarna-am550-epos","status":"publish","type":"product","link":"https:\/\/septiagri-machines.com\/index.php\/produit\/robot-tondeuse-husqvarna-am550-epos\/","title":{"rendered":"robot tondeuse husqvarna am550 epos"},"content":{"rendered":"<p><em><b>Livraison gratuite<\/b><\/em><\/p>\n<p><em><b>Livr\u00e9: 2 \u2013 3 Jours ouvr\u00e9s<\/b><\/em><\/p>\n<p><strong>Etat : Neuf exp\u00e9dier depuis nos entrep\u00f4ts r\u00e9gionaux fran\u00e7ais<\/strong><\/p>\n<p><strong>Garantie 2 ans<\/strong><\/p>\n<p>&nbsp;<\/p>\n<p>La tondeuse 550 EPOS est l\u2019un des mod\u00e8les haut de gamme de la derni\u00e8re g\u00e9n\u00e9ration de robot tondeuse Husqvarna.<\/p>\n<p>Parfait pour les terrains de sports et les Golfs, c\u2019est une robots avec lequel la longueur du c\u00e2ble n\u2019est plus un probl\u00e8me, gr\u00e2ce \u00e0 sa technologie satellitaire les zones de tontes deviennes virtuelles et aussi longue que vous le souhaitez.<\/p>\n","protected":false},"excerpt":{"rendered":"<p>CARACT\u00c9RISTIQUES DU ROBOT TONDEUSE HUSQVARNA AUTOMOWER AM550 EPOS<br \/>\nRobot tondeuse totalement automatique jusqu\u2019\u00e0 5000m\u00b2 (+\/- 20 %)<br \/>\nParfait pour les parcs et jardins (terrains de sports, golfs\u2026)<br \/>\nPlusieurs robots sur 1 station<br \/>\nRapidit\u00e9 d\u2019installation<br \/>\nProgrammation de zones de travail avec diff\u00e9rents horaires de tonte et hauteurs de coupe<br \/>\nCr\u00e9ation de zones digitales pouvant \u00eatre activ\u00e9e et d\u00e9sactiv\u00e9e \u00e0 votre guise.<br \/>\nLumi\u00e8res LED orange (visibilit\u00e9 accrue)<br \/>\nEPOS \u2013 GNSS RTK \u2013 Technologie satellitaire: Barri\u00e8res virtuelles installation flexible et robuste<br \/>\nAM Connect \u2013 Husqvarana Fleet Services<br \/>\nFOTA permet une mise \u00e0 jour automatique<br \/>\nFonction Appdrive<br \/>\nStation en option<\/p>\n","protected":false},"featured_media":17368,"comment_status":"open","ping_status":"closed","template":"","meta":[],"product_brand":[],"product_cat":[80],"product_tag":[],"class_list":{"0":"post-17294","1":"product","2":"type-product","3":"status-publish","4":"has-post-thumbnail","6":"product_cat-tondeuse-robot","8":"first","9":"instock","10":"sale","11":"shipping-taxable","12":"purchasable","13":"product-type-simple"},"_links":{"self":[{"href":"https:\/\/septiagri-machines.com\/index.php\/wp-json\/wp\/v2\/product\/17294","targetHints":{"allow":["GET"]}}],"collection":[{"href":"https:\/\/septiagri-machines.com\/index.php\/wp-json\/wp\/v2\/product"}],"about":[{"href":"https:\/\/septiagri-machines.com\/index.php\/wp-json\/wp\/v2\/types\/product"}],"replies":[{"embeddable":true,"href":"https:\/\/septiagri-machines.com\/index.php\/wp-json\/wp\/v2\/comments?post=17294"}],"version-history":[{"count":1,"href":"https:\/\/septiagri-machines.com\/index.php\/wp-json\/wp\/v2\/product\/17294\/revisions"}],"predecessor-version":[{"id":17369,"href":"https:\/\/septiagri-machines.com\/index.php\/wp-json\/wp\/v2\/product\/17294\/revisions\/17369"}],"wp:featuredmedia":[{"embeddable":true,"href":"https:\/\/septiagri-machines.com\/index.php\/wp-json\/wp\/v2\/media\/17368"}],"wp:attachment":[{"href":"https:\/\/septiagri-machines.com\/index.php\/wp-json\/wp\/v2\/media?parent=17294"}],"wp:term":[{"taxonomy":"product_brand","embeddable":true,"href":"https:\/\/septiagri-machines.com\/index.php\/wp-json\/wp\/v2\/product_brand?post=17294"},{"taxonomy":"product_cat","embeddable":true,"href":"https:\/\/septiagri-machines.com\/index.php\/wp-json\/wp\/v2\/product_cat?post=17294"},{"taxonomy":"product_tag","embeddable":true,"href":"https:\/\/septiagri-machines.com\/index.php\/wp-json\/wp\/v2\/product_tag?post=17294"}],"curies":[{"name":"wp","href":"https:\/\/api.w.org\/{rel}","templated":true}]}}