{"id":16209,"date":"2025-05-21T04:38:33","date_gmt":"2025-05-21T02:38:33","guid":{"rendered":"http:\/\/septiagri-machines.com\/?post_type=product&#038;p=16209"},"modified":"2025-05-21T04:38:49","modified_gmt":"2025-05-21T02:38:49","slug":"remorque-mc-alu-dw2000-ptac-2000kg-255-x-153-saris","status":"publish","type":"product","link":"https:\/\/septiagri-machines.com\/index.php\/produit\/remorque-mc-alu-dw2000-ptac-2000kg-255-x-153-saris\/","title":{"rendered":"Remorque Mc Alu DW2000 \u2013 PTAC 2000Kg (255 x 153) \u2013 SARIS"},"content":{"rendered":"<p>&lsquo;-Garantie : 2 ans<br \/>\n-Charge utile : 1650 kg<br \/>\n-Capacit\u00e9 des axes : 1000 x 2<br \/>\n-Dimensions de la charge utile : 255 x 153cm<br \/>\n-Frein\u00e9 : oui<br \/>\n\u2013 \u00c9chelle PTAC : 1501 \u2013 3500<br \/>\n-Longueur : 2,54 m \u2013 7,00 m<br \/>\n-Nombre d\u2019essieux : 2 essieux<br \/>\n-Poids \u00e0 vide : 350 kg<br \/>\n-Roues : 175\/70R13<br \/>\n-Type de remorque : remorque \u00e0 bagages \u2013 v\u00e9hicules utilitaires<br \/>\n-Barre d\u2019attelage : en forme de V<br \/>\n-Poids total : 2000 kg<\/p>\n<p><strong>Avantages<\/strong>\u00a0:<\/p>\n<p>\u2013 Garde-corps lat\u00e9raux<br \/>\n\u2013 Crochet d\u2019arrimage 400daN<br \/>\n\u2013 fermetures s\u00e9curis\u00e9es<br \/>\n\u2013 Parois lat\u00e9rales en aluminium<br \/>\n\u2013 panneau arri\u00e8re amovible<br \/>\n\u2013 des crochets d\u2019arrimage<br \/>\n\u2013 plancher enti\u00e8rement soutenu<br \/>\n\u2013 Plancher int\u00e9gr\u00e9 \u00e0 la charpente<br \/>\n\u2013 Plancher en contreplaqu\u00e9 marin trait\u00e9 et imputrescible<br \/>\n\u2013 composants galvanis\u00e9s \u00e0 chaud<\/p>\n<p><strong>Options :<\/strong><\/p>\n<p>-Suppl\u00e9ment. rampes int\u00e9gr\u00e9es<br \/>\n-Amortisseurs d\u2019essieu<br \/>\n-Paroi avant pliable<\/p>\n","protected":false},"excerpt":{"rendered":"<p>La SARIS DW2000 est une remorque tr\u00e8s l\u00e9g\u00e8re et robuste qui s\u2019adapte \u00e0 toutes vos exigences. Il est \u00e9galement \u00e9quip\u00e9 de nombreuses options.<\/p>\n<p>R\u00e9f :DW2000MACALU<\/p>\n<p>Poids total : 2000kg<\/p>\n<p>255x153cm<\/p>\n<p>Doubles axes<\/p>\n","protected":false},"featured_media":16256,"comment_status":"open","ping_status":"closed","template":"","meta":[],"product_brand":[],"product_cat":[72],"product_tag":[],"class_list":{"0":"post-16209","1":"product","2":"type-product","3":"status-publish","4":"has-post-thumbnail","6":"product_cat-remorque","8":"first","9":"instock","10":"shipping-taxable","11":"purchasable","12":"product-type-simple"},"_links":{"self":[{"href":"https:\/\/septiagri-machines.com\/index.php\/wp-json\/wp\/v2\/product\/16209","targetHints":{"allow":["GET"]}}],"collection":[{"href":"https:\/\/septiagri-machines.com\/index.php\/wp-json\/wp\/v2\/product"}],"about":[{"href":"https:\/\/septiagri-machines.com\/index.php\/wp-json\/wp\/v2\/types\/product"}],"replies":[{"embeddable":true,"href":"https:\/\/septiagri-machines.com\/index.php\/wp-json\/wp\/v2\/comments?post=16209"}],"version-history":[{"count":1,"href":"https:\/\/septiagri-machines.com\/index.php\/wp-json\/wp\/v2\/product\/16209\/revisions"}],"predecessor-version":[{"id":16257,"href":"https:\/\/septiagri-machines.com\/index.php\/wp-json\/wp\/v2\/product\/16209\/revisions\/16257"}],"wp:featuredmedia":[{"embeddable":true,"href":"https:\/\/septiagri-machines.com\/index.php\/wp-json\/wp\/v2\/media\/16256"}],"wp:attachment":[{"href":"https:\/\/septiagri-machines.com\/index.php\/wp-json\/wp\/v2\/media?parent=16209"}],"wp:term":[{"taxonomy":"product_brand","embeddable":true,"href":"https:\/\/septiagri-machines.com\/index.php\/wp-json\/wp\/v2\/product_brand?post=16209"},{"taxonomy":"product_cat","embeddable":true,"href":"https:\/\/septiagri-machines.com\/index.php\/wp-json\/wp\/v2\/product_cat?post=16209"},{"taxonomy":"product_tag","embeddable":true,"href":"https:\/\/septiagri-machines.com\/index.php\/wp-json\/wp\/v2\/product_tag?post=16209"}],"curies":[{"name":"wp","href":"https:\/\/api.w.org\/{rel}","templated":true}]}}