{"id":16201,"date":"2025-05-21T04:38:32","date_gmt":"2025-05-21T02:38:32","guid":{"rendered":"http:\/\/septiagri-machines.com\/?post_type=product&#038;p=16201"},"modified":"2025-05-21T04:38:43","modified_gmt":"2025-05-21T02:38:43","slug":"remorque-magasin-bhb25521ht-5-20m","status":"publish","type":"product","link":"https:\/\/septiagri-machines.com\/index.php\/produit\/remorque-magasin-bhb25521ht-5-20m\/","title":{"rendered":"REMORQUE MAGASIN BHB25521HT 5.20M"},"content":{"rendered":"<p>REMORQUE MAGASIN BHB25521HT 5.20M:<\/p>\n<p>MARQUE BORO<br \/>\nR\u00c9F : BHB25521HT<br \/>\nPOIDS BRUT : 2500 kg<br \/>\nPoids \u00e0 vide 1170 kg<br \/>\nCHARGE UTILE 1470KG<br \/>\nDIMENSIONS UTILES : 520 x 203 x 230 cm<br \/>\n2 AXES GRATUITS<br \/>\nPanneaux sandwich d\u2019enveloppe de 32 mm d\u2019\u00e9paisseur, peints en blanc<br \/>\nParquet avec rev\u00eatement linol\u00e9um, imputrescible<br \/>\n2 FEN\u00caTRES SUSPENDUES SUR LE C\u00d4T\u00c9 PRINCIPAL AVEC AMORTISSEURS \u00c0 GAZ<br \/>\n1 PORTE AVANT (COCKPIT) AVEC MARCHEPIED<br \/>\n1 TRAPPE DE SERVICE (PORTE DE SERVICE)<br \/>\n4 SUPPORTS DE STABILISATION AVEC MANIVELLE<br \/>\nROUE JOICE<\/p>\n<p>OPTIONS\u00a0:<br \/>\n-porte arri\u00e8re suppl\u00e9mentaire<br \/>\n-Meubles standards<br \/>\n-\u00c9lectricit\u00e9<br \/>\n-Roue de secours<\/p>\n","protected":false},"excerpt":{"rendered":"<p>REMORQUE MAGASIN BHB25521HT 5.20M: MARQUE BORO R\u00c9F : BHB25521HT POIDS BRUT : 2500 kg Poids \u00e0 vide 1170 kg CHARGE<\/p>\n","protected":false},"featured_media":16240,"comment_status":"open","ping_status":"closed","template":"","meta":[],"product_brand":[],"product_cat":[72],"product_tag":[],"class_list":{"0":"post-16201","1":"product","2":"type-product","3":"status-publish","4":"has-post-thumbnail","6":"product_cat-remorque","8":"first","9":"instock","10":"shipping-taxable","11":"purchasable","12":"product-type-simple"},"_links":{"self":[{"href":"https:\/\/septiagri-machines.com\/index.php\/wp-json\/wp\/v2\/product\/16201","targetHints":{"allow":["GET"]}}],"collection":[{"href":"https:\/\/septiagri-machines.com\/index.php\/wp-json\/wp\/v2\/product"}],"about":[{"href":"https:\/\/septiagri-machines.com\/index.php\/wp-json\/wp\/v2\/types\/product"}],"replies":[{"embeddable":true,"href":"https:\/\/septiagri-machines.com\/index.php\/wp-json\/wp\/v2\/comments?post=16201"}],"version-history":[{"count":1,"href":"https:\/\/septiagri-machines.com\/index.php\/wp-json\/wp\/v2\/product\/16201\/revisions"}],"predecessor-version":[{"id":16241,"href":"https:\/\/septiagri-machines.com\/index.php\/wp-json\/wp\/v2\/product\/16201\/revisions\/16241"}],"wp:featuredmedia":[{"embeddable":true,"href":"https:\/\/septiagri-machines.com\/index.php\/wp-json\/wp\/v2\/media\/16240"}],"wp:attachment":[{"href":"https:\/\/septiagri-machines.com\/index.php\/wp-json\/wp\/v2\/media?parent=16201"}],"wp:term":[{"taxonomy":"product_brand","embeddable":true,"href":"https:\/\/septiagri-machines.com\/index.php\/wp-json\/wp\/v2\/product_brand?post=16201"},{"taxonomy":"product_cat","embeddable":true,"href":"https:\/\/septiagri-machines.com\/index.php\/wp-json\/wp\/v2\/product_cat?post=16201"},{"taxonomy":"product_tag","embeddable":true,"href":"https:\/\/septiagri-machines.com\/index.php\/wp-json\/wp\/v2\/product_tag?post=16201"}],"curies":[{"name":"wp","href":"https:\/\/api.w.org\/{rel}","templated":true}]}}