{"id":15775,"date":"2025-05-21T04:35:27","date_gmt":"2025-05-21T02:35:27","guid":{"rendered":"http:\/\/septiagri-machines.com\/?post_type=product&#038;p=15775"},"modified":"2025-05-21T04:36:00","modified_gmt":"2025-05-21T02:36:00","slug":"modele-bigbox-xl","status":"publish","type":"product","link":"https:\/\/septiagri-machines.com\/index.php\/produit\/modele-bigbox-xl\/","title":{"rendered":"Mod\u00e8le BIGBOX XL"},"content":{"rendered":"<p><strong>Fiche technique :<\/strong><\/p>\n<p>-Marque: ALZAGA<br \/>\n-Type: BIGBOX XL<br \/>\n-PTAC 2000 kg \u00e0 3500 kg possible<br \/>\n-Corps monocoque en polyester moul\u00e9.<br \/>\n-Ailes moul\u00e9es en polyester<br \/>\n-Feux arri\u00e8re int\u00e9gr\u00e9s<br \/>\n-Ch\u00e2ssis soud\u00e9 et galvanis\u00e9 \u00e0 chaud<br \/>\n-2 essieux avec freins AL-KO<br \/>\n-Roues 175.70R13 (limite de charge basse)<br \/>\n-2 supports de stabilisation arri\u00e8re<br \/>\n-Ouverture du hayon\/pont soutenue par des amortisseurs \u00e0 pression de gaz.<br \/>\n-Serrure \u00e0 cl\u00e9<br \/>\n-Roue jockey<br \/>\n-Renforts dans l\u2019habitacle<br \/>\n-les yeux qui clignent<br \/>\n-Prise standard CEE 13 broches<\/p>\n","protected":false},"excerpt":{"rendered":"<p>La remorque pour fourgon aussi fonctionnelle qu\u2019\u00e9l\u00e9gante.<\/p>\n<p>Longueur\u00a0 : 4m00, 4m50, 5m00<\/p>\n<p>MARQUE : ALZAGA<\/p>\n<p>NOMBRE D\u2019AXES : Double.<\/p>\n<p>REMORQUE NEUVE AVEC GARANTIE 2 ANS !<\/p>\n","protected":false},"featured_media":15852,"comment_status":"open","ping_status":"closed","template":"","meta":[],"product_brand":[],"product_cat":[72],"product_tag":[],"class_list":{"0":"post-15775","1":"product","2":"type-product","3":"status-publish","4":"has-post-thumbnail","6":"product_cat-remorque","8":"first","9":"instock","10":"shipping-taxable","11":"purchasable","12":"product-type-simple"},"_links":{"self":[{"href":"https:\/\/septiagri-machines.com\/index.php\/wp-json\/wp\/v2\/product\/15775","targetHints":{"allow":["GET"]}}],"collection":[{"href":"https:\/\/septiagri-machines.com\/index.php\/wp-json\/wp\/v2\/product"}],"about":[{"href":"https:\/\/septiagri-machines.com\/index.php\/wp-json\/wp\/v2\/types\/product"}],"replies":[{"embeddable":true,"href":"https:\/\/septiagri-machines.com\/index.php\/wp-json\/wp\/v2\/comments?post=15775"}],"version-history":[{"count":1,"href":"https:\/\/septiagri-machines.com\/index.php\/wp-json\/wp\/v2\/product\/15775\/revisions"}],"predecessor-version":[{"id":15853,"href":"https:\/\/septiagri-machines.com\/index.php\/wp-json\/wp\/v2\/product\/15775\/revisions\/15853"}],"wp:featuredmedia":[{"embeddable":true,"href":"https:\/\/septiagri-machines.com\/index.php\/wp-json\/wp\/v2\/media\/15852"}],"wp:attachment":[{"href":"https:\/\/septiagri-machines.com\/index.php\/wp-json\/wp\/v2\/media?parent=15775"}],"wp:term":[{"taxonomy":"product_brand","embeddable":true,"href":"https:\/\/septiagri-machines.com\/index.php\/wp-json\/wp\/v2\/product_brand?post=15775"},{"taxonomy":"product_cat","embeddable":true,"href":"https:\/\/septiagri-machines.com\/index.php\/wp-json\/wp\/v2\/product_cat?post=15775"},{"taxonomy":"product_tag","embeddable":true,"href":"https:\/\/septiagri-machines.com\/index.php\/wp-json\/wp\/v2\/product_tag?post=15775"}],"curies":[{"name":"wp","href":"https:\/\/api.w.org\/{rel}","templated":true}]}}