{"id":15601,"date":"2025-05-21T04:34:13","date_gmt":"2025-05-21T02:34:13","guid":{"rendered":"http:\/\/septiagri-machines.com\/?post_type=product&#038;p=15601"},"modified":"2025-05-21T04:34:27","modified_gmt":"2025-05-21T02:34:27","slug":"grande-remorque-neuve-200-x-107-x-30-cm-tema","status":"publish","type":"product","link":"https:\/\/septiagri-machines.com\/index.php\/produit\/grande-remorque-neuve-200-x-107-x-30-cm-tema\/","title":{"rendered":"grande remorque neuve 200 x 107 x 30 cm tema"},"content":{"rendered":"<p><em><b>Livraison gratuite<\/b><\/em><\/p>\n<p><em><b>Livr\u00e9: 2 \u2013 3 Jours ouvr\u00e9s<\/b><\/em><\/p>\n<p><strong>Etat<\/strong>\u00a0:\u00a0<strong>Neuf exp\u00e9dier depuis nos entrep\u00f4ts r\u00e9gionaux fran\u00e7ais<\/strong><\/p>\n<p>&nbsp;<\/p>\n<h3><strong>Garantie : 5 ans<\/strong><\/h3>\n","protected":false},"excerpt":{"rendered":"<div class=\"attributes_attributesTitle__uhxXq\">Caract\u00e9ristiques<\/div>\n<ul class=\"attributes_list__QwQX6\" data-testid=\"attributes-list\">\n<li class=\"attributes_shouldShow__mIu0l\">\n<div class=\"attributes_name___iDdl root_fa9150b8 body2_fa9150b8 regular_fa9150b8 primaryDark_fa9150b8\">Couleur<\/div>\n<div class=\"attributes_value__XujpJ root_fa9150b8 body2_fa9150b8 regular_fa9150b8 primaryDark_fa9150b8\">Gris<\/div>\n<\/li>\n<li class=\"attributes_shouldShow__mIu0l\">\n<div class=\"attributes_name___iDdl root_fa9150b8 body2_fa9150b8 regular_fa9150b8 primaryDark_fa9150b8\">Garantie<\/div>\n<div class=\"attributes_value__XujpJ root_fa9150b8 body2_fa9150b8 regular_fa9150b8 primaryDark_fa9150b8\">5 ans<\/div>\n<p>\u2013 Essieu force 750 kg<br \/>\n\u2013 Poids \u00e0 vide environ 115 kg<br \/>\n\u2013 PTC 500 kg (pas de carte grise, ni de permis, ni d\u2019assurance suppl\u00e9mentaire n\u00e9cessaire)<br \/>\n\u2013 Ridelle arri\u00e8re ouvrante, rabattable et amovible<br \/>\n\u2013 Timon en V 750 kg<br \/>\n\u2013 Stockable verticalement.<br \/>\n\u2013 Ch\u00e2ssis Acier pli\u00e9 d\u2019\u00e9paisseur 2,5 mm Galvanis\u00e9 et boulonn\u00e9.<br \/>\n\u2013 Surface de transport : contreplaqu\u00e9 anti-d\u00e9rapant<br \/>\n\u2013 Ridelles en acier galvanis\u00e9.<br \/>\n*roue jockey vendue s\u00e9par\u00e9ment<\/li>\n<\/ul>\n<div class=\"description_descriptionTitle__2LLcE\">Description<\/div>\n<div class=\"description_description__N_7zI description_expanded__B4Z9b\" data-testid=\"description-content\">\n<p><strong>Tr\u00e8s belle remorque de marque TEMA.<\/strong><\/p>\n<p>Taille int\u00e9rieure de la caisse : 200 cm long X 107 cm large X 30 cm de haut !<br \/>\nRidelles en acier galvanis\u00e9 de 30 cm de haut.<br \/>\nRoues : 155R13 (dimension standard)<\/p>\n<\/div>\n","protected":false},"featured_media":15662,"comment_status":"open","ping_status":"closed","template":"","meta":[],"product_brand":[],"product_cat":[72],"product_tag":[],"class_list":{"0":"post-15601","1":"product","2":"type-product","3":"status-publish","4":"has-post-thumbnail","6":"product_cat-remorque","8":"first","9":"instock","10":"sale","11":"featured","12":"shipping-taxable","13":"purchasable","14":"product-type-simple"},"_links":{"self":[{"href":"https:\/\/septiagri-machines.com\/index.php\/wp-json\/wp\/v2\/product\/15601","targetHints":{"allow":["GET"]}}],"collection":[{"href":"https:\/\/septiagri-machines.com\/index.php\/wp-json\/wp\/v2\/product"}],"about":[{"href":"https:\/\/septiagri-machines.com\/index.php\/wp-json\/wp\/v2\/types\/product"}],"replies":[{"embeddable":true,"href":"https:\/\/septiagri-machines.com\/index.php\/wp-json\/wp\/v2\/comments?post=15601"}],"version-history":[{"count":1,"href":"https:\/\/septiagri-machines.com\/index.php\/wp-json\/wp\/v2\/product\/15601\/revisions"}],"predecessor-version":[{"id":15663,"href":"https:\/\/septiagri-machines.com\/index.php\/wp-json\/wp\/v2\/product\/15601\/revisions\/15663"}],"wp:featuredmedia":[{"embeddable":true,"href":"https:\/\/septiagri-machines.com\/index.php\/wp-json\/wp\/v2\/media\/15662"}],"wp:attachment":[{"href":"https:\/\/septiagri-machines.com\/index.php\/wp-json\/wp\/v2\/media?parent=15601"}],"wp:term":[{"taxonomy":"product_brand","embeddable":true,"href":"https:\/\/septiagri-machines.com\/index.php\/wp-json\/wp\/v2\/product_brand?post=15601"},{"taxonomy":"product_cat","embeddable":true,"href":"https:\/\/septiagri-machines.com\/index.php\/wp-json\/wp\/v2\/product_cat?post=15601"},{"taxonomy":"product_tag","embeddable":true,"href":"https:\/\/septiagri-machines.com\/index.php\/wp-json\/wp\/v2\/product_tag?post=15601"}],"curies":[{"name":"wp","href":"https:\/\/api.w.org\/{rel}","templated":true}]}}